{"id":13,"date":"2024-11-27T14:49:19","date_gmt":"2024-11-27T14:49:19","guid":{"rendered":"https:\/\/www.neumaticoseleconomico.com\/?page_id=13"},"modified":"2024-12-03T11:48:54","modified_gmt":"2024-12-03T11:48:54","slug":"politica-de-cookies","status":"publish","type":"page","link":"https:\/\/www.neumaticoseleconomico.com\/index.php\/politica-de-cookies\/","title":{"rendered":"Pol\u00edtica de Cookies"},"content":{"rendered":"\t\t<div data-elementor-type=\"wp-page\" data-elementor-id=\"13\" class=\"elementor elementor-13\" data-elementor-post-type=\"page\">\n\t\t\t\t<div class=\"elementor-element elementor-element-59b224f e-flex e-con-boxed e-con e-parent\" data-id=\"59b224f\" data-element_type=\"container\" data-e-type=\"container\" data-settings=\"{&quot;background_background&quot;:&quot;classic&quot;}\">\n\t\t\t\t\t<div class=\"e-con-inner\">\n\t\t<div class=\"elementor-element elementor-element-c4ef07d e-con-full e-flex e-con e-child\" data-id=\"c4ef07d\" data-element_type=\"container\" data-e-type=\"container\">\n\t\t\t\t<div class=\"elementor-element elementor-element-9d940a0 elementor-widget elementor-widget-image\" data-id=\"9d940a0\" data-element_type=\"widget\" data-e-type=\"widget\" data-widget_type=\"image.default\">\n\t\t\t\t<div class=\"elementor-widget-container\">\n\t\t\t\t\t\t\t\t\t\t\t\t\t\t\t<img fetchpriority=\"high\" decoding=\"async\" width=\"580\" height=\"580\" src=\"https:\/\/www.neumaticoseleconomico.com\/wp-content\/uploads\/2024\/12\/reduced_logo-1024x1024.png\" class=\"attachment-large size-large wp-image-192\" alt=\"\" srcset=\"https:\/\/www.neumaticoseleconomico.com\/wp-content\/uploads\/2024\/12\/reduced_logo-1024x1024.png 1024w, https:\/\/www.neumaticoseleconomico.com\/wp-content\/uploads\/2024\/12\/reduced_logo-300x300.png 300w, https:\/\/www.neumaticoseleconomico.com\/wp-content\/uploads\/2024\/12\/reduced_logo-150x150.png 150w, https:\/\/www.neumaticoseleconomico.com\/wp-content\/uploads\/2024\/12\/reduced_logo-768x768.png 768w, https:\/\/www.neumaticoseleconomico.com\/wp-content\/uploads\/2024\/12\/reduced_logo-1536x1536.png 1536w, https:\/\/www.neumaticoseleconomico.com\/wp-content\/uploads\/2024\/12\/reduced_logo-1200x1200.png 1200w, https:\/\/www.neumaticoseleconomico.com\/wp-content\/uploads\/2024\/12\/reduced_logo-1980x1980.png 1980w, https:\/\/www.neumaticoseleconomico.com\/wp-content\/uploads\/2024\/12\/reduced_logo.png 2048w\" sizes=\"(max-width: 580px) 100vw, 580px\" \/>\t\t\t\t\t\t\t\t\t\t\t\t\t\t\t<\/div>\n\t\t\t\t<\/div>\n\t\t\t\t<\/div>\n\t\t<div class=\"elementor-element elementor-element-0f3318a e-con-full e-flex e-con e-child\" data-id=\"0f3318a\" data-element_type=\"container\" data-e-type=\"container\">\n\t\t\t\t<div class=\"elementor-element elementor-element-661319e elementor-nav-menu__align-center elementor-nav-menu--dropdown-tablet elementor-nav-menu__text-align-aside elementor-nav-menu--toggle elementor-nav-menu--burger elementor-widget elementor-widget-nav-menu\" data-id=\"661319e\" data-element_type=\"widget\" data-e-type=\"widget\" data-settings=\"{&quot;layout&quot;:&quot;horizontal&quot;,&quot;submenu_icon&quot;:{&quot;value&quot;:&quot;&lt;svg aria-hidden=\\&quot;true\\&quot; class=\\&quot;e-font-icon-svg e-fas-caret-down\\&quot; viewBox=\\&quot;0 0 320 512\\&quot; xmlns=\\&quot;http:\\\/\\\/www.w3.org\\\/2000\\\/svg\\&quot;&gt;&lt;path d=\\&quot;M31.3 192h257.3c17.8 0 26.7 21.5 14.1 34.1L174.1 354.8c-7.8 7.8-20.5 7.8-28.3 0L17.2 226.1C4.6 213.5 13.5 192 31.3 192z\\&quot;&gt;&lt;\\\/path&gt;&lt;\\\/svg&gt;&quot;,&quot;library&quot;:&quot;fa-solid&quot;},&quot;toggle&quot;:&quot;burger&quot;}\" data-widget_type=\"nav-menu.default\">\n\t\t\t\t<div class=\"elementor-widget-container\">\n\t\t\t\t\t\t\t\t<nav aria-label=\"Menu\" class=\"elementor-nav-menu--main elementor-nav-menu__container elementor-nav-menu--layout-horizontal e--pointer-underline e--animation-fade\">\n\t\t\t\t<ul id=\"menu-1-661319e\" class=\"elementor-nav-menu\"><li class=\"menu-item menu-item-type-post_type menu-item-object-page menu-item-home menu-item-129\"><a href=\"https:\/\/www.neumaticoseleconomico.com\/\" class=\"elementor-item\">Inicio<\/a><\/li>\n<li class=\"menu-item menu-item-type-post_type menu-item-object-page menu-item-130\"><a href=\"https:\/\/www.neumaticoseleconomico.com\/index.php\/contacto\/\" class=\"elementor-item\">Contacto<\/a><\/li>\n<li class=\"menu-item menu-item-type-post_type menu-item-object-page menu-item-131\"><a href=\"https:\/\/www.neumaticoseleconomico.com\/index.php\/sobre-nosotros\/\" class=\"elementor-item\">Sobre Nosotros<\/a><\/li>\n<\/ul>\t\t\t<\/nav>\n\t\t\t\t\t<div class=\"elementor-menu-toggle\" role=\"button\" tabindex=\"0\" aria-label=\"Alternar men\u00fa\" aria-expanded=\"false\">\n\t\t\t<svg aria-hidden=\"true\" role=\"presentation\" class=\"elementor-menu-toggle__icon--open e-font-icon-svg e-eicon-menu-bar\" viewBox=\"0 0 1000 1000\" xmlns=\"http:\/\/www.w3.org\/2000\/svg\"><path d=\"M104 333H896C929 333 958 304 958 271S929 208 896 208H104C71 208 42 237 42 271S71 333 104 333ZM104 583H896C929 583 958 554 958 521S929 458 896 458H104C71 458 42 487 42 521S71 583 104 583ZM104 833H896C929 833 958 804 958 771S929 708 896 708H104C71 708 42 737 42 771S71 833 104 833Z\"><\/path><\/svg><svg aria-hidden=\"true\" role=\"presentation\" class=\"elementor-menu-toggle__icon--close e-font-icon-svg e-eicon-close\" viewBox=\"0 0 1000 1000\" xmlns=\"http:\/\/www.w3.org\/2000\/svg\"><path d=\"M742 167L500 408 258 167C246 154 233 150 217 150 196 150 179 158 167 167 154 179 150 196 150 212 150 229 154 242 171 254L408 500 167 742C138 771 138 800 167 829 196 858 225 858 254 829L496 587 738 829C750 842 767 846 783 846 800 846 817 842 829 829 842 817 846 804 846 783 846 767 842 750 829 737L588 500 833 258C863 229 863 200 833 171 804 137 775 137 742 167Z\"><\/path><\/svg>\t\t<\/div>\n\t\t\t\t\t<nav class=\"elementor-nav-menu--dropdown elementor-nav-menu__container\" aria-hidden=\"true\">\n\t\t\t\t<ul id=\"menu-2-661319e\" class=\"elementor-nav-menu\"><li class=\"menu-item menu-item-type-post_type menu-item-object-page menu-item-home menu-item-129\"><a href=\"https:\/\/www.neumaticoseleconomico.com\/\" class=\"elementor-item\" tabindex=\"-1\">Inicio<\/a><\/li>\n<li class=\"menu-item menu-item-type-post_type menu-item-object-page menu-item-130\"><a href=\"https:\/\/www.neumaticoseleconomico.com\/index.php\/contacto\/\" class=\"elementor-item\" tabindex=\"-1\">Contacto<\/a><\/li>\n<li class=\"menu-item menu-item-type-post_type menu-item-object-page menu-item-131\"><a href=\"https:\/\/www.neumaticoseleconomico.com\/index.php\/sobre-nosotros\/\" class=\"elementor-item\" tabindex=\"-1\">Sobre Nosotros<\/a><\/li>\n<\/ul>\t\t\t<\/nav>\n\t\t\t\t\t\t<\/div>\n\t\t\t\t<\/div>\n\t\t\t\t<\/div>\n\t\t<div class=\"elementor-element elementor-element-660ede1 e-con-full e-flex e-con e-child\" data-id=\"660ede1\" data-element_type=\"container\" data-e-type=\"container\">\n\t\t\t\t<div class=\"elementor-element elementor-element-f8680df elementor-mobile-align-center elementor-align-center elementor-hidden-mobile elementor-widget elementor-widget-button\" data-id=\"f8680df\" data-element_type=\"widget\" data-e-type=\"widget\" data-widget_type=\"button.default\">\n\t\t\t\t<div class=\"elementor-widget-container\">\n\t\t\t\t\t\t\t\t\t<div class=\"elementor-button-wrapper\">\n\t\t\t\t\t<a class=\"elementor-button elementor-button-link elementor-size-sm\" href=\"tel:624227673\">\n\t\t\t\t\t\t<span class=\"elementor-button-content-wrapper\">\n\t\t\t\t\t\t<span class=\"elementor-button-icon\">\n\t\t\t\t<svg aria-hidden=\"true\" class=\"e-font-icon-svg e-fas-phone-alt\" viewBox=\"0 0 512 512\" xmlns=\"http:\/\/www.w3.org\/2000\/svg\"><path d=\"M497.39 361.8l-112-48a24 24 0 0 0-28 6.9l-49.6 60.6A370.66 370.66 0 0 1 130.6 204.11l60.6-49.6a23.94 23.94 0 0 0 6.9-28l-48-112A24.16 24.16 0 0 0 122.6.61l-104 24A24 24 0 0 0 0 48c0 256.5 207.9 464 464 464a24 24 0 0 0 23.4-18.6l24-104a24.29 24.29 0 0 0-14.01-27.6z\"><\/path><\/svg>\t\t\t<\/span>\n\t\t\t\t\t\t\t\t\t<span class=\"elementor-button-text\">624 22 76 73<\/span>\n\t\t\t\t\t<\/span>\n\t\t\t\t\t<\/a>\n\t\t\t\t<\/div>\n\t\t\t\t\t\t\t\t<\/div>\n\t\t\t\t<\/div>\n\t\t\t\t<div class=\"elementor-element elementor-element-ad9dc46 elementor-mobile-align-center elementor-align-center elementor-hidden-desktop elementor-hidden-tablet elementor-widget elementor-widget-button\" data-id=\"ad9dc46\" data-element_type=\"widget\" data-e-type=\"widget\" data-widget_type=\"button.default\">\n\t\t\t\t<div class=\"elementor-widget-container\">\n\t\t\t\t\t\t\t\t\t<div class=\"elementor-button-wrapper\">\n\t\t\t\t\t<a class=\"elementor-button elementor-button-link elementor-size-sm\" href=\"tel:624227673\">\n\t\t\t\t\t\t<span class=\"elementor-button-content-wrapper\">\n\t\t\t\t\t\t<span class=\"elementor-button-icon\">\n\t\t\t\t<svg aria-hidden=\"true\" class=\"e-font-icon-svg e-fas-phone-alt\" viewBox=\"0 0 512 512\" xmlns=\"http:\/\/www.w3.org\/2000\/svg\"><path d=\"M497.39 361.8l-112-48a24 24 0 0 0-28 6.9l-49.6 60.6A370.66 370.66 0 0 1 130.6 204.11l60.6-49.6a23.94 23.94 0 0 0 6.9-28l-48-112A24.16 24.16 0 0 0 122.6.61l-104 24A24 24 0 0 0 0 48c0 256.5 207.9 464 464 464a24 24 0 0 0 23.4-18.6l24-104a24.29 24.29 0 0 0-14.01-27.6z\"><\/path><\/svg>\t\t\t<\/span>\n\t\t\t\t\t\t\t\t<\/span>\n\t\t\t\t\t<\/a>\n\t\t\t\t<\/div>\n\t\t\t\t\t\t\t\t<\/div>\n\t\t\t\t<\/div>\n\t\t\t\t<\/div>\n\t\t\t\t\t<\/div>\n\t\t\t\t<\/div>\n\t\t<div class=\"elementor-element elementor-element-1987fca5 e-flex e-con-boxed e-con e-parent\" data-id=\"1987fca5\" data-element_type=\"container\" data-e-type=\"container\" data-settings=\"{&quot;background_background&quot;:&quot;classic&quot;}\">\n\t\t\t\t\t<div class=\"e-con-inner\">\n\t\t\t\t<div class=\"elementor-element elementor-element-2f852c54 elementor-widget elementor-widget-text-editor\" data-id=\"2f852c54\" data-element_type=\"widget\" data-e-type=\"widget\" data-widget_type=\"text-editor.default\">\n\t\t\t\t<div class=\"elementor-widget-container\">\n\t\t\t\t\t\t\t\t\t\n<p>El sitio web <a href=\"https:\/\/www.neumaticoseleconomico.com\/\">https:\/\/www.neumaticoseleconomico.com\/<\/a> es responsabilidad de <strong>Neumaticoseleconomico (Neumaticoseleconomico)<\/strong>, con domicilio social en <strong>Calle Pintor Amalio Garc\u00eda del Moral, 10, 41702 Dos Hermanas, Sevilla<\/strong>, con NIF <strong>B75426981<\/strong>, y direcci\u00f3n de correo electr\u00f3nico <strong><a>neumaticoseleconomico@gmail.com<\/a><\/strong>.<\/p>\n\n<p>Consecuentemente, la utilizaci\u00f3n de cookies en este sitio web se regula por la presente \u00abPol\u00edtica de Uso de Cookies\u00bb, que ha sido elaborada con el fin de que el usuario quede informado de los diferentes usos que se llevan a cabo con estos dispositivos y pueda consentir su tratamiento de manera informada, de conformidad con lo previsto en la legislaci\u00f3n vigente.<\/p>\n\n<h4 class=\"wp-block-heading\">\u00bfQu\u00e9 es una cookie?<\/h4>\n\n<p>Una cookie es un archivo que se descarga en su ordenador al acceder el usuario a determinadas p\u00e1ginas web. Las cookies permiten a una p\u00e1gina web, entre otras cosas, almacenar y recuperar informaci\u00f3n sobre los h\u00e1bitos de navegaci\u00f3n de un usuario o de su equipo, y dependiendo de la informaci\u00f3n que contengan y de la forma en que se utilice el equipo, pueden utilizarse para reconocer al usuario.<\/p>\n\n<h4 class=\"wp-block-heading\">\u00bfQu\u00e9 tipos de cookies existen?<\/h4>\n\n<p>Existen varios tipos de cookies en funci\u00f3n de diferentes criterios:<\/p>\n\n<ul class=\"wp-block-list\">\n<li><strong>En funci\u00f3n del tiempo que permanecen activadas<\/strong>:\n<ul class=\"wp-block-list\">\n<li><strong>Cookies de sesi\u00f3n<\/strong>: Recaban y almacenan datos mientras el usuario accede a una p\u00e1gina web.<\/li>\n\n<li><strong>Cookies permanentes<\/strong>: Los datos siguen almacenados en el terminal y pueden ser accedidos y tratados durante un periodo definido por el responsable de la cookie.<\/li>\n<\/ul>\n<\/li>\n\n<li><strong>En funci\u00f3n de la titularidad<\/strong>:\n<ul class=\"wp-block-list\">\n<li><strong>Cookies propias<\/strong>: Son las que pertenecen a Neumaticoseleconomico.<\/li>\n\n<li><strong>Cookies de terceros<\/strong>: Son aquellas cuya titularidad es de un tercero, distinto de Neumaticoseleconomico, que ser\u00e1 quien trate la informaci\u00f3n recabada.<\/li>\n<\/ul>\n<\/li>\n\n<li><strong>En funci\u00f3n de su finalidad<\/strong>:\n<ul class=\"wp-block-list\">\n<li><strong>Cookies t\u00e9cnicas y\/o de personalizaci\u00f3n<\/strong>: Mejoran el servicio, localizan incidencias, reconocen al usuario, etc.<\/li>\n\n<li><strong>Cookies de an\u00e1lisis y\/o de publicidad<\/strong>: Analizan informaci\u00f3n sobre la navegaci\u00f3n y ofrecen publicidad, sea gen\u00e9rica o personalizada.<\/li>\n<\/ul>\n<\/li>\n<\/ul>\n\n<h4 class=\"wp-block-heading\">\u00bfQu\u00e9 tipos de cookies son m\u00e1s habituales?<\/h4>\n\n<ul class=\"wp-block-list\">\n<li><strong>T\u00e9cnicas<\/strong>: Son cookies propias, de sesi\u00f3n, de identificaci\u00f3n, de configuraci\u00f3n y de registro, estrictamente necesarias para la identificaci\u00f3n del usuario y para la prestaci\u00f3n de los servicios solicitados por el usuario. La informaci\u00f3n obtenida a trav\u00e9s de las mismas es tratada \u00fanicamente por Neumaticoseleconomico.<\/li>\n\n<li><strong>De an\u00e1lisis<\/strong>: Estas cookies, bien tratadas por nosotros o por terceros, permiten cuantificar el n\u00famero de usuarios y as\u00ed realizar la medici\u00f3n y an\u00e1lisis estad\u00edstico de la utilizaci\u00f3n que hacen los usuarios del servicio ofertado. Para ello, se analiza su navegaci\u00f3n en nuestra p\u00e1gina web con el fin de mejorar la oferta de productos o servicios.<\/li>\n\n<li><strong>De publicidad<\/strong>: Son cookies que, bien tratadas por nosotros o por terceros, permiten la gesti\u00f3n m\u00e1s eficaz de los espacios publicitarios que puedan incluirse en la p\u00e1gina web y\/o almacenan informaci\u00f3n del comportamiento de los usuarios obtenida a trav\u00e9s de la observaci\u00f3n continuada.<\/li>\n<\/ul>\n\n<h4 class=\"wp-block-heading\">\u00bfPara qu\u00e9 sirve una cookie?<\/h4>\n\n<p>Las cookies se utilizan para ofrecer servicios y\/o publicidad personalizados, para analizar el funcionamiento del sistema, reconocerle cuando accede como usuario, localizar incidencias y problemas que puedan surgir, y solucionarlos lo m\u00e1s r\u00e1pidamente posible. Tambi\u00e9n se utilizan para analizar y medir el uso y la actividad de la p\u00e1gina web.<\/p>\n\n<h4 class=\"wp-block-heading\">\u00bfSe necesita mi consentimiento para implantar una cookie?<\/h4>\n\n<p>No se precisa el consentimiento para la instalaci\u00f3n de cookies t\u00e9cnicas o las que sean estrictamente necesarias para la prestaci\u00f3n de un servicio de la sociedad de la informaci\u00f3n expresamente solicitado por el destinatario.<\/p>\n\n<p>Para el resto de cookies, s\u00ed se requiere el consentimiento del usuario, que puede ser solicitado a trav\u00e9s de diferentes v\u00edas. En el caso de Neumaticoseleconomico, el consentimiento se entender\u00e1 otorgado si el usuario contin\u00faa navegando por el sitio web, aunque en cualquier momento podr\u00e1 revocar dicho consentimiento y desactivar las cookies.<\/p>\n\n<h4 class=\"wp-block-heading\">\u00bfQu\u00e9 tipos de cookies utiliza esta p\u00e1gina web?<\/h4>\n\n<ul class=\"wp-block-list\">\n<li><strong>Cookies t\u00e9cnicas<\/strong>: Son aquellas creadas y gestionadas \u00fanicamente por nosotros y permiten al usuario la navegaci\u00f3n a trav\u00e9s de nuestra p\u00e1gina web y la utilizaci\u00f3n de las diferentes opciones como, por ejemplo, identificar la sesi\u00f3n, personalizar informaci\u00f3n o acceder a zonas de acceso restringido.<\/li>\n\n<li><strong>Google Analytics<\/strong>: El sitio web de Neumaticoseleconomico utiliza Google Analytics, una herramienta de an\u00e1lisis web desarrollada por Google. Las cookies de Google Analytics recopilan informaci\u00f3n, incluida la direcci\u00f3n IP del usuario, que es transmitida, tratada y almacenada por Google en los t\u00e9rminos establecidos en la web de Google.<\/li>\n<\/ul>\n\n<p>Para m\u00e1s informaci\u00f3n, ver: <a href=\"https:\/\/developers.google.com\/analytics\/devguides\/collection\/analyticsjs\/cookie-usage\" target=\"_blank\" rel=\"noopener\">https:\/\/developers.google.com\/analytics\/devguides\/collection\/analyticsjs\/cookie-usage<\/a>.<\/p>\n\n<p>El dominio web <a href=\"https:\/\/www.neumaticoseleconomico.com\/\">https:\/\/www.neumaticoseleconomico.com\/<\/a> utiliza los siguientes tipos de cookies:<\/p>\n\n<figure class=\"wp-block-table\">\n<table class=\"has-fixed-layout\">\n<thead>\n<tr>\n<th><strong>Nombre de la cookie<\/strong><\/th>\n<th><strong>Finalidad<\/strong><\/th>\n<th><strong>Expira<\/strong><\/th>\n<\/tr>\n<\/thead>\n<tbody>\n<tr>\n<td>IDE<\/td>\n<td>Publicitaria; mejora la publicidad mostrada y orienta anuncios relevantes.<\/td>\n<td>1 a\u00f1o<\/td>\n<\/tr>\n<tr>\n<td>RUL<\/td>\n<td>Necesaria para la utilizaci\u00f3n de servicios del sitio web.<\/td>\n<td>1 a\u00f1o<\/td>\n<\/tr>\n<tr>\n<td>_ga<\/td>\n<td>Se usa para distinguir a los usuarios.<\/td>\n<td>2 a\u00f1os<\/td>\n<\/tr>\n<tr>\n<td>_gid<\/td>\n<td>Se usa para distinguir a los usuarios.<\/td>\n<td>1 d\u00eda<\/td>\n<\/tr>\n<tr>\n<td>CookieInfoScript<\/td>\n<td>Aceptaci\u00f3n de cookies en el plugin de inicio.<\/td>\n<td>Al cerrar la sesi\u00f3n<\/td>\n<\/tr>\n<\/tbody>\n<\/table>\n<\/figure>\n\n<h4 class=\"wp-block-heading\">\u00bfC\u00f3mo desactivar cookies?<\/h4>\n\n<p>El usuario puede permitir, bloquear o eliminar las cookies instaladas en su equipo mediante la configuraci\u00f3n de las opciones del navegador instalado en su ordenador. A continuaci\u00f3n, se proporcionan enlaces a las instrucciones para los navegadores m\u00e1s comunes:<\/p>\n\n<ul class=\"wp-block-list\">\n<li><a href=\"https:\/\/support.mozilla.org\/es\/kb\/cookies-informacion-que-los-sitios-web-guardan-en-\" target=\"_blank\" rel=\"noopener\">Firefox<\/a><\/li>\n\n<li><a>Chrome<\/a><\/li>\n\n<li><a href=\"https:\/\/support.microsoft.com\/es-es\/help\/17442\/windows-internet-explorer-delete-manage-cookies\" target=\"_blank\" rel=\"noopener\">Internet Explorer<\/a><\/li>\n\n<li><a href=\"https:\/\/support.apple.com\/es-es\/guide\/safari\/sfri11471\/mac\" target=\"_blank\" rel=\"noopener\">Safari<\/a><\/li>\n<\/ul>\n\n<h4 class=\"wp-block-heading\">Ejercicio de derechos<\/h4>\n\n<p>El usuario puede conocer y ejercer sus derechos en materia de protecci\u00f3n de datos accediendo a nuestra Pol\u00edtica de Privacidad.<\/p>\n\n<h4 class=\"wp-block-heading\">Informaci\u00f3n adicional<\/h4>\n\n<p>Para m\u00e1s informaci\u00f3n, puede consultar la gu\u00eda sobre el uso de las cookies editada por la AEPD en:<br \/><a href=\"https:\/\/www.aepd.es\/sites\/default\/files\/2020-07\/guia-cookies.pdf\" target=\"_blank\" rel=\"noopener\">https:\/\/www.aepd.es\/sites\/default\/files\/2020-07\/guia-cookies.pdf<\/a>.<\/p>\n\t\t\t\t\t\t\t\t<\/div>\n\t\t\t\t<\/div>\n\t\t\t\t\t<\/div>\n\t\t\t\t<\/div>\n\t\t<div class=\"elementor-element elementor-element-197ea623 e-flex e-con-boxed e-con e-parent\" data-id=\"197ea623\" data-element_type=\"container\" data-e-type=\"container\" data-settings=\"{&quot;background_background&quot;:&quot;classic&quot;}\">\n\t\t\t\t\t<div class=\"e-con-inner\">\n\t\t\t\t<div class=\"elementor-element elementor-element-610c2657 elementor-widget elementor-widget-heading\" data-id=\"610c2657\" data-element_type=\"widget\" data-e-type=\"widget\" data-widget_type=\"heading.default\">\n\t\t\t\t<div class=\"elementor-widget-container\">\n\t\t\t\t\t<p class=\"elementor-heading-title elementor-size-default\">2024 \u00a9 Todos los derechos reservados\n<br>\n<a href=\"https:\/\/www.neumaticoseleconomico.com\/index.php\/politicas-privacidad\/\">Pol\u00edtica de Privacidad<\/a> | <a href=\"https:\/\/www.neumaticoseleconomico.com\/index.php\/politica-de-cookies\/\">Pol\u00edtica de Cookies<\/a> | <a href=\"https:\/\/www.neumaticoseleconomico.com\/index.php\/aviso-legal\/\">Aviso Legal<\/a><\/p>\t\t\t\t<\/div>\n\t\t\t\t<\/div>\n\t\t\t\t\t<\/div>\n\t\t\t\t<\/div>\n\t\t\t\t<\/div>\n\t\t","protected":false},"excerpt":{"rendered":"<p>624 22 76 73 El sitio web https:\/\/www.neumaticoseleconomico.com\/ es responsabilidad de Neumaticoseleconomico (Neumaticoseleconomico), con domicilio social en Calle Pintor Amalio Garc\u00eda del Moral, 10, 41702 Dos Hermanas, Sevilla, con NIF B75426981, y direcci\u00f3n de correo electr\u00f3nico neumaticoseleconomico@gmail.com. Consecuentemente, la utilizaci\u00f3n de cookies en este sitio web se regula por la presente \u00abPol\u00edtica de Uso de [&hellip;]<\/p>\n","protected":false},"author":2,"featured_media":0,"parent":0,"menu_order":0,"comment_status":"closed","ping_status":"closed","template":"elementor_canvas","meta":{"footnotes":""},"class_list":["post-13","page","type-page","status-publish","hentry"],"_links":{"self":[{"href":"https:\/\/www.neumaticoseleconomico.com\/index.php\/wp-json\/wp\/v2\/pages\/13","targetHints":{"allow":["GET"]}}],"collection":[{"href":"https:\/\/www.neumaticoseleconomico.com\/index.php\/wp-json\/wp\/v2\/pages"}],"about":[{"href":"https:\/\/www.neumaticoseleconomico.com\/index.php\/wp-json\/wp\/v2\/types\/page"}],"author":[{"embeddable":true,"href":"https:\/\/www.neumaticoseleconomico.com\/index.php\/wp-json\/wp\/v2\/users\/2"}],"replies":[{"embeddable":true,"href":"https:\/\/www.neumaticoseleconomico.com\/index.php\/wp-json\/wp\/v2\/comments?post=13"}],"version-history":[{"count":10,"href":"https:\/\/www.neumaticoseleconomico.com\/index.php\/wp-json\/wp\/v2\/pages\/13\/revisions"}],"predecessor-version":[{"id":223,"href":"https:\/\/www.neumaticoseleconomico.com\/index.php\/wp-json\/wp\/v2\/pages\/13\/revisions\/223"}],"wp:attachment":[{"href":"https:\/\/www.neumaticoseleconomico.com\/index.php\/wp-json\/wp\/v2\/media?parent=13"}],"curies":[{"name":"wp","href":"https:\/\/api.w.org\/{rel}","templated":true}]}}